{"id":278,"date":"2021-03-12T11:15:40","date_gmt":"2021-03-12T11:15:40","guid":{"rendered":"https:\/\/bcsinmuebles.com\/?page_id=278"},"modified":"2021-03-18T17:56:00","modified_gmt":"2021-03-18T17:56:00","slug":"politica-de-privacidad","status":"publish","type":"page","link":"https:\/\/bcsinmuebles.com\/index.php\/politica-de-privacidad\/","title":{"rendered":"Pol\u00edtica de Privacidad"},"content":{"rendered":"\n<p>De acuerdo con lo establecido en la Ley Org\u00e1nica 15\/1999, de Protecci\u00f3n de Datos de Car\u00e1cter Personal y en el reglamento que la desarrolla, los datos personales recogidos en la Web\u00a0<a href=\"http:\/\/www.bcsinmuebles.com\">www.bcsinmuebles.com<\/a>\u00a0son los estrictamente necesarios para atender a las finalidades solicitadas por el titular de los datos en el momento de proporcionarlos. Los datos son almacenados en un fichero titularidad de BCS Inmuebles, S.L.\u00a0del cual es responsable.<\/p>\n\n\n\n<p>Las finalidades para las que se recogen los datos pueden ser todas o algunas de las siguientes:<\/p>\n\n\n\n<ul><li>Responder a solicitudes de informaci\u00f3n que nos hayas enviado, resolver dudas sobre el proceso de compra y confirmar o modificar los datos del pedido.<\/li><li>Facilitar tu inscripci\u00f3n en nuestras conferencias y\/o eventos.<\/li><li>Facilitar informaci\u00f3n, comercial o no, que pueda ser de tu inter\u00e9s, como noticias relacionadas con los libros o eventos, consejos, etc. por v\u00eda electr\u00f3nica o por otros medios.<\/li><li>Facilitar el env\u00edo, facturaci\u00f3n y cobro de los productos que hayas comprado en la Web.<\/li><li>Publicar tus comentarios, testimonios, recomendaciones u opiniones en la Web.<\/li><li>Publicar las fotograf\u00edas que t\u00fa nos env\u00edes, o que tomemos durante los eventos, en la web y usar tu imagen en videos promocionales.<\/li><\/ul>\n\n\n\n<h3>Informaci\u00f3n necesaria<\/h3>\n\n\n\n<p>Todos los campos indicados con un asterisco en el correspondiente formulario de recogida de datos son necesarios para proceder al env\u00edo del formulario. Si no se proporcionan estos datos o se hace de forma incorrecta no se podr\u00e1 enviar el formulario.<\/p>\n\n\n\n<h3>Cesiones<\/h3>\n\n\n\n<p>Nos comprometemos a cumplir con el deber de secreto y confidencialidad respecto de los datos facilitados. Tambi\u00e9n garantizamos la aplicaci\u00f3n de las medidas de seguridad necesarias para evitar su alteraci\u00f3n, p\u00e9rdida o acceso no autorizado.<\/p>\n\n\n\n<p>Tus datos no ser\u00e1n cedidos a terceros para finalidades diferentes de las indicadas. S\u00f3lo ser\u00e1n comunicados -a los proveedores pertinentes- aquellos datos que sean imprescindibles para cumplir con la finalidad para la que fueron recogidos. A t\u00edtulo enunciativo, tus datos pueden ser cedidos a los servicios de Correos u otras compa\u00f1\u00edas de mensajer\u00eda, para gestionar el env\u00edo de libros, a Mailchimp para poderte enviar nuestra informaci\u00f3n per\u00edodica o pueden ser publicados en la web a modo de recomendaci\u00f3n, comentario, etc.<\/p>\n\n\n\n<h3>Consentimiento expreso<\/h3>\n\n\n\n<p>Al facilitarnos tus datos, nos das tu consentimiento expreso para estos tratamientos y cesiones, incluso si fuera necesario realizar una transferencia internacional de datos para cumplir con las finalidades descritas en este documento y\/o en los correspondientes formularios de recogida de datos de la misma Web.<\/p>\n\n\n\n<h3>Ejercicio de Derechos<\/h3>\n\n\n\n<p>Tienes derecho a revocar este consentimiento y a ejercer los derechos de acceso, rectificaci\u00f3n, cancelaci\u00f3n y oposici\u00f3n. Para que el ejercicio de estos derechos se haga con garant\u00edas de autenticidad, deber\u00e1s incluir en la petici\u00f3n una fotocopia de tu DNI o de cualquier otro documento oficial v\u00e1lido, tu nombre y apellidos, direcci\u00f3n postal o electr\u00f3nica (para responder a la solicitud) y el texto, firmado, que exprese tu petici\u00f3n.<\/p>\n\n\n\n<p>A estos efectos, te puedes dirigir mediante e-mail, a la siguiente direcci\u00f3n de correo electr\u00f3nico:&nbsp;<a href=\"mailto:info@bcsinmuebles.com\">info@bcsinmuebles.com<\/a><\/p>\n","protected":false},"excerpt":{"rendered":"<p> [&hellip;]<\/p>\n","protected":false},"author":1,"featured_media":0,"parent":0,"menu_order":0,"comment_status":"closed","ping_status":"closed","template":"","meta":[],"_links":{"self":[{"href":"https:\/\/bcsinmuebles.com\/index.php\/wp-json\/wp\/v2\/pages\/278"}],"collection":[{"href":"https:\/\/bcsinmuebles.com\/index.php\/wp-json\/wp\/v2\/pages"}],"about":[{"href":"https:\/\/bcsinmuebles.com\/index.php\/wp-json\/wp\/v2\/types\/page"}],"author":[{"embeddable":true,"href":"https:\/\/bcsinmuebles.com\/index.php\/wp-json\/wp\/v2\/users\/1"}],"replies":[{"embeddable":true,"href":"https:\/\/bcsinmuebles.com\/index.php\/wp-json\/wp\/v2\/comments?post=278"}],"version-history":[{"count":4,"href":"https:\/\/bcsinmuebles.com\/index.php\/wp-json\/wp\/v2\/pages\/278\/revisions"}],"predecessor-version":[{"id":450,"href":"https:\/\/bcsinmuebles.com\/index.php\/wp-json\/wp\/v2\/pages\/278\/revisions\/450"}],"wp:attachment":[{"href":"https:\/\/bcsinmuebles.com\/index.php\/wp-json\/wp\/v2\/media?parent=278"}],"curies":[{"name":"wp","href":"https:\/\/api.w.org\/{rel}","templated":true}]}}